{"id":54,"date":"2018-03-03T18:25:56","date_gmt":"2018-03-03T18:25:56","guid":{"rendered":"http:\/\/www.yiddishberlin.com\/?page_id=54"},"modified":"2024-01-03T08:32:51","modified_gmt":"2024-01-03T08:32:51","slug":"yiddish-in-paris","status":"publish","type":"page","link":"https:\/\/www.yiddishberlin.com\/fr\/","title":{"rendered":"Yiddish \u00e0 Berlin"},"content":{"rendered":"<h2>La 4<sup>e<\/sup> Universit\u00e9 d\u2019\u00e9t\u00e9 de langue et de litt\u00e9rature yiddish \u00e0 Berlin aura lieu \u00e0\u00a0l&rsquo;Institut d&rsquo;Europe de l&rsquo;Est de l&rsquo;Universit\u00e9 libre de Berlin <strong>du 12 au 30 ao\u00fbt 2024<\/strong>.<\/h2>\n<p>Durant trois semaines, l&rsquo;Institut d&rsquo;Europe de l&rsquo;Est accueille des \u00e9tudiants du monde entier et leur propose des cours de yiddish et des activit\u00e9s culturelles en pr\u00e9sentiel.<\/p>\n<p>Sous la direction de<strong>\u00a0Yitskhok Niborski<\/strong>, l\u2019\u00e9quipe p\u00e9dagogique vous\u00a0propose un programme intensif de cours de yiddish, d&rsquo;ateliers (chants, th\u00e9\u00e2tre, conversation, cuisine), de visites, de conf\u00e9rences, de projections&#8230;<\/p>\n<p>Outre des cours de langue et de litt\u00e9rature sur cinq niveaux, un cours sp\u00e9cial sera destin\u00e9 aux enseignants de yiddish.<\/p>\n<p>Des bourses seront accord\u00e9es pour permettre \u00e0 de jeunes \u00e9tudiants du monde entier de venir se perfectionner et \u00e9changer entre yiddishistes.<\/p>\n<p><strong>Lieu de cours<\/strong><\/p>\n<p style=\"padding-left: 30px;\">Osteuropa-Institut (Freie Universit\u00e4t Berlin)<br \/>\nGarystra\u00dfe 55, 14195 Berlin<\/p>\n<p style=\"padding-left: 30px;\"><iframe loading=\"lazy\" src=\"https:\/\/www.google.com\/maps\/embed?pb=!1m18!1m12!1m3!1d2431.646034599401!2d13.274051815234028!3d52.4493265298009!2m3!1f0!2f0!3f0!3m2!1i1024!2i768!4f13.1!3m3!1m2!1s0x47a85a1562f37f01%3A0x7013cf4bfeba2005!2sSoziologie+Osteuropa-Institut%2C+Garystra%C3%9Fe+55%2C+14195+Berlin%2C+Germany!5e0!3m2!1sen!2sfr!4v1488663192285\" width=\"300\" height=\"250\" frameborder=\"0\" allowfullscreen=\"allowfullscreen\" data-mce-fragment=\"1\"><\/iframe><\/p>\n<p style=\"padding-left: 30px;\"><strong>Organisateurs<\/strong><\/p>\n<p style=\"padding-left: 30px;\"><strong>Comit\u00e9 d&rsquo;organisation : <\/strong>Sharon Bar-Kochva, Tal Hever-Chybowski, Natalia Krynicka, Amelie Moser.<\/p>\n<p style=\"padding-left: 30px;\">L&rsquo;universit\u00e9 d&rsquo;\u00e9t\u00e9 est organis\u00e9e par la Maison de la culture yiddish \u2013 Biblioth\u00e8que Medem en partenariat avec l&rsquo;Institut d&rsquo;Europe de l&rsquo;Est de l&rsquo;Universit\u00e9 libre de Berlin.<\/p>\n","protected":false},"excerpt":{"rendered":"<p>La 4e Universit\u00e9 d\u2019\u00e9t\u00e9 de langue et de litt\u00e9rature yiddish \u00e0 Berlin aura lieu \u00e0\u00a0l&rsquo;Institut d&rsquo;Europe de l&rsquo;Est de l&rsquo;Universit\u00e9 libre de Berlin du 12 au 30 ao\u00fbt 2024. Durant trois semaines, l&rsquo;Institut d&rsquo;Europe de l&rsquo;Est accueille des \u00e9tudiants du monde entier et leur propose des cours de yiddish et des activit\u00e9s culturelles en pr\u00e9sentiel. &hellip; <\/p>\n<p class=\"link-more\"><a href=\"https:\/\/www.yiddishberlin.com\/fr\/\" class=\"more-link\">Continuer la lecture<span class=\"screen-reader-text\"> de &laquo;&nbsp;Yiddish \u00e0 Berlin&nbsp;&raquo;<\/span><\/a><\/p>\n","protected":false},"author":2,"featured_media":0,"parent":0,"menu_order":0,"comment_status":"closed","ping_status":"closed","template":"","meta":{"footnotes":""},"class_list":["post-54","page","type-page","status-publish","hentry"],"_links":{"self":[{"href":"https:\/\/www.yiddishberlin.com\/fr\/wp-json\/wp\/v2\/pages\/54","targetHints":{"allow":["GET"]}}],"collection":[{"href":"https:\/\/www.yiddishberlin.com\/fr\/wp-json\/wp\/v2\/pages"}],"about":[{"href":"https:\/\/www.yiddishberlin.com\/fr\/wp-json\/wp\/v2\/types\/page"}],"author":[{"embeddable":true,"href":"https:\/\/www.yiddishberlin.com\/fr\/wp-json\/wp\/v2\/users\/2"}],"replies":[{"embeddable":true,"href":"https:\/\/www.yiddishberlin.com\/fr\/wp-json\/wp\/v2\/comments?post=54"}],"version-history":[{"count":10,"href":"https:\/\/www.yiddishberlin.com\/fr\/wp-json\/wp\/v2\/pages\/54\/revisions"}],"predecessor-version":[{"id":1645,"href":"https:\/\/www.yiddishberlin.com\/fr\/wp-json\/wp\/v2\/pages\/54\/revisions\/1645"}],"wp:attachment":[{"href":"https:\/\/www.yiddishberlin.com\/fr\/wp-json\/wp\/v2\/media?parent=54"}],"curies":[{"name":"wp","href":"https:\/\/api.w.org\/{rel}","templated":true}]}}