{"id":128,"date":"2018-03-05T22:55:41","date_gmt":"2018-03-05T22:55:41","guid":{"rendered":"http:\/\/www.yiddishberlin.com\/?page_id=128"},"modified":"2024-01-10T10:15:20","modified_gmt":"2024-01-10T10:15:20","slug":"programme-dapres-midi","status":"publish","type":"page","link":"https:\/\/www.yiddishberlin.com\/fr\/programme-dapres-midi\/","title":{"rendered":"Programme des apr\u00e8s-midi"},"content":{"rendered":"<h3>Le programme culturel est <strong>inclus<\/strong> dans votre inscription.<\/h3>\n<h2>Ateliers<\/h2>\n<ul>\n<li>Atelier Conversation<span style=\"font-weight: 400;\"> niveau 1<\/span><\/li>\n<li>Atelier Conversation<span style=\"font-weight: 400;\"> niveaux 2-5<\/span><\/li>\n<li><span style=\"font-size: revert;\">Atelier Cuisine<\/span><\/li>\n<li>Atelier Chant<\/li>\n<li>Atelier Jeux<\/li>\n<li><span style=\"font-size: revert;\">Atelier <\/span><i style=\"font-size: revert;\">Nigunim<\/i><i style=\"font-size: revert;\"><\/i><\/li>\n<li><span style=\"font-size: revert;\">Atelier<\/span><span style=\"font-size: revert;\"> Outils de recherche<\/span><\/li>\n<li><span style=\"font-size: revert;\">Atelier Lecture de manuscrits<\/span><\/li>\n<li><span style=\"font-size: revert;\">Atelier Th\u00e9\u00e2tre<\/span><\/li>\n<\/ul>\n<h2><span style=\"font-weight: 400;\">Conf\u00e9rences en yiddish, en anglais et en allemand<\/span><\/h2>\n<h2><span style=\"font-weight: 400;\">Films<\/span><\/h2>\n<h2><span style=\"font-weight: 400;\">Visites guid\u00e9es<\/span><\/h2>\n<h2><span style=\"font-weight: 400;\">Activit\u00e9s conviviales<\/span><\/h2>\n","protected":false},"excerpt":{"rendered":"<p>Le programme culturel est inclus dans votre inscription. Ateliers Atelier Conversation niveau 1 Atelier Conversation niveaux 2-5 Atelier Cuisine Atelier Chant Atelier Jeux Atelier Nigunim Atelier Outils de recherche Atelier Lecture de manuscrits Atelier Th\u00e9\u00e2tre Conf\u00e9rences en yiddish, en anglais et en allemand Films Visites guid\u00e9es Activit\u00e9s conviviales<\/p>\n","protected":false},"author":2,"featured_media":0,"parent":0,"menu_order":0,"comment_status":"closed","ping_status":"closed","template":"","meta":{"footnotes":""},"class_list":["post-128","page","type-page","status-publish","hentry"],"_links":{"self":[{"href":"https:\/\/www.yiddishberlin.com\/fr\/wp-json\/wp\/v2\/pages\/128","targetHints":{"allow":["GET"]}}],"collection":[{"href":"https:\/\/www.yiddishberlin.com\/fr\/wp-json\/wp\/v2\/pages"}],"about":[{"href":"https:\/\/www.yiddishberlin.com\/fr\/wp-json\/wp\/v2\/types\/page"}],"author":[{"embeddable":true,"href":"https:\/\/www.yiddishberlin.com\/fr\/wp-json\/wp\/v2\/users\/2"}],"replies":[{"embeddable":true,"href":"https:\/\/www.yiddishberlin.com\/fr\/wp-json\/wp\/v2\/comments?post=128"}],"version-history":[{"count":10,"href":"https:\/\/www.yiddishberlin.com\/fr\/wp-json\/wp\/v2\/pages\/128\/revisions"}],"predecessor-version":[{"id":1658,"href":"https:\/\/www.yiddishberlin.com\/fr\/wp-json\/wp\/v2\/pages\/128\/revisions\/1658"}],"wp:attachment":[{"href":"https:\/\/www.yiddishberlin.com\/fr\/wp-json\/wp\/v2\/media?parent=128"}],"curies":[{"name":"wp","href":"https:\/\/api.w.org\/{rel}","templated":true}]}}