{"id":122,"date":"2018-03-05T22:49:34","date_gmt":"2018-03-05T22:49:34","guid":{"rendered":"http:\/\/www.yiddishberlin.com\/?page_id=122"},"modified":"2024-06-26T13:45:56","modified_gmt":"2024-06-26T13:45:56","slug":"levels-and-teachers","status":"publish","type":"page","link":"https:\/\/www.yiddishberlin.com\/fr\/levels-and-teachers\/","title":{"rendered":"Niveaux et enseignants"},"content":{"rendered":"<h2>Horaires (heure de Berlin)<\/h2>\n<p>Lundi &#8211; Vendredi<\/p>\n<p><strong>9h15-10h45<\/strong> Cours (en pr\u00e9sentiel)<\/p>\n<p><strong>10h45-11h15<\/strong> Pause caf\u00e9<\/p>\n<p><strong>11h15-12h45<\/strong> Cours (en pr\u00e9sentiel)<\/p>\n<h2>\u00c9quipe p\u00e9dagogique<\/h2>\n<p>Sous la direction de <strong>Yitskhok Niborski<\/strong><\/p>\n<h3>1<sup>er<\/sup> niveau : <strong><span style=\"color: #ff0000;\">complet !<\/span><\/strong><\/h3>\n<p><span style=\"color: #808080;\"><strong>Ethel Niborski\u00a0<\/strong>et<strong>\u00a0Karo Wegner<\/strong><\/span><\/p>\n<p><span style=\"color: #808080;\">Initiation \u00e0 la langue : apprentissage de l\u2019alphabet, lecture, \u00e9criture, grammaire \u00e9l\u00e9mentaire, vocabulaire, conversation.<\/span><br \/><span style=\"color: #808080;\">Destin\u00e9 aux d\u00e9butants non-initi\u00e9s ou \u00e0 des personnes ayant quelques notions de base. Aucune connaissance pr\u00e9alable n&rsquo;est requise, mais il\u00a0vous est recommand\u00e9 de faire l\u2019apprentissage de\u00a0l\u2019alphabet\u00a0avant le d\u00e9but des cours.\u00a0<\/span><\/p>\n<h3>2<sup>e<\/sup> niveau : <strong><span style=\"color: #ff0000;\">complet !<\/span><\/strong><\/h3>\n<p><span style=\"color: #808080;\"><strong>Sonia Dratwa-Pinkusowitz<\/strong> et <strong>Reyze Turner<\/strong><\/span><\/p>\n<p><span style=\"color: #808080;\">D\u00e9veloppement du vocabulaire, expression orale et \u00e9crite, grammaire, textes faciles.<\/span><br \/><span style=\"color: #808080;\">Destin\u00e9 aux personnes sachant lire et \u00e9crire, connaissant les bases de la grammaire yiddish (conjugaison au pr\u00e9sent, au pass\u00e9 et au futur ; d\u00e9clinaisons).<\/span><\/p>\n<h3>3<sup>e<\/sup> niveau : <strong><span style=\"color: #ff0000;\">complet !<\/span><\/strong><\/h3>\n<p><strong>Eliezer Niborski<\/strong> : Grammaire yiddish<\/p>\n<p><strong>Sonia Dratwa-Pinkusowitz <\/strong>: Conversation et introduction \u00e0 la litt\u00e9rature yiddish<\/p>\n<h3>4<sup>e<\/sup> niveau : <strong><span style=\"color: #ff0000;\">complet !<\/span><\/strong><\/h3>\n<p><span style=\"color: #808080;\"><strong>Eliezer Niborski\u00a0<\/strong>: Grammaire avanc\u00e9e<\/span><\/p>\n<p><span style=\"color: #808080;\"><strong>Karolina Szymaniak\u00a0<\/strong>: Miniatures en prose<\/span><\/p>\n<h3>5<sup>e<\/sup> niveau<\/h3>\n<p><strong>Natalia Krynicka\u00a0<\/strong>: Femmes dramaturges yiddish<\/p>\n<p><strong>Karolina Szymaniak<\/strong> : Europe orientale juive apr\u00e8s la guerre (1945-1949) : textes litt\u00e9raires, r\u00e9cits de voyage, documents d&rsquo;archives<\/p>\n<p><span style=\"color: #ff0000;\"><strong>Si vous n&rsquo;\u00eates pas s\u00fbrs quel niveau vous correspond, <a style=\"color: #ff0000;\" href=\"http:\/\/www.yiddishberlin.com\/fr\/contact\/\">contactez-nous<\/a> !<\/strong><\/span><\/p>\n\n\n<h3 class=\"wp-block-heading\">S\u00e9minaire pour enseignants de yiddish<\/h3>\n\n\n\n<p><strong>Sharon Bar-Kochva <\/strong>et<strong> Reyze Turner<\/strong><\/p>\n\n\n\n<p>Ce s\u00e9minaire est destin\u00e9 aux enseignant.e.s de yiddish en activit\u00e9 et aux personnes qui enseigneront dans le futur.<\/p>\n\n\n\n<p>Minimum d&rsquo;inscrits : 5.<br>Maximum d&rsquo;inscrits : 10.<\/p>\n\n\n\n<p>Points forts du S\u00e9minaire pour enseignants de yiddish selon les anciens participants :<\/p>\n\n\n\n<p><iframe loading=\"lazy\" src=\"\/\/www.youtube.com\/embed\/XeOU5S-Gj7A\" width=\"560\" height=\"314\" allowfullscreen=\"allowfullscreen\"><\/iframe><\/p>\n\n\n\n<p>Plus de d\u00e9tails au sujet du S\u00e9minaire pour enseignants :<\/p>\n\n\n\n<p><iframe loading=\"lazy\" src=\"\/\/www.youtube.com\/embed\/gdJplrElsaA\" width=\"560\" height=\"314\" allowfullscreen=\"allowfullscreen\"><\/iframe><\/p>\n","protected":false},"excerpt":{"rendered":"<p>Horaires (heure de Berlin) Lundi &#8211; Vendredi 9h15-10h45 Cours (en pr\u00e9sentiel) 10h45-11h15 Pause caf\u00e9 11h15-12h45 Cours (en pr\u00e9sentiel) \u00c9quipe p\u00e9dagogique Sous la direction de Yitskhok Niborski 1er niveau : complet ! Ethel Niborski\u00a0et\u00a0Karo Wegner Initiation \u00e0 la langue : apprentissage de l\u2019alphabet, lecture, \u00e9criture, grammaire \u00e9l\u00e9mentaire, vocabulaire, conversation.Destin\u00e9 aux d\u00e9butants non-initi\u00e9s ou \u00e0 des personnes &hellip; <\/p>\n<p class=\"link-more\"><a href=\"https:\/\/www.yiddishberlin.com\/fr\/levels-and-teachers\/\" class=\"more-link\">Continuer la lecture<span class=\"screen-reader-text\"> de &laquo;&nbsp;Niveaux et enseignants&nbsp;&raquo;<\/span><\/a><\/p>\n","protected":false},"author":2,"featured_media":0,"parent":0,"menu_order":0,"comment_status":"closed","ping_status":"closed","template":"","meta":{"footnotes":""},"class_list":["post-122","page","type-page","status-publish","hentry"],"_links":{"self":[{"href":"https:\/\/www.yiddishberlin.com\/fr\/wp-json\/wp\/v2\/pages\/122","targetHints":{"allow":["GET"]}}],"collection":[{"href":"https:\/\/www.yiddishberlin.com\/fr\/wp-json\/wp\/v2\/pages"}],"about":[{"href":"https:\/\/www.yiddishberlin.com\/fr\/wp-json\/wp\/v2\/types\/page"}],"author":[{"embeddable":true,"href":"https:\/\/www.yiddishberlin.com\/fr\/wp-json\/wp\/v2\/users\/2"}],"replies":[{"embeddable":true,"href":"https:\/\/www.yiddishberlin.com\/fr\/wp-json\/wp\/v2\/comments?post=122"}],"version-history":[{"count":10,"href":"https:\/\/www.yiddishberlin.com\/fr\/wp-json\/wp\/v2\/pages\/122\/revisions"}],"predecessor-version":[{"id":1800,"href":"https:\/\/www.yiddishberlin.com\/fr\/wp-json\/wp\/v2\/pages\/122\/revisions\/1800"}],"wp:attachment":[{"href":"https:\/\/www.yiddishberlin.com\/fr\/wp-json\/wp\/v2\/media?parent=122"}],"curies":[{"name":"wp","href":"https:\/\/api.w.org\/{rel}","templated":true}]}}