{"id":56,"date":"2018-03-03T18:29:53","date_gmt":"2018-03-03T18:29:53","guid":{"rendered":"http:\/\/www.yiddishberlin.com\/?page_id=56"},"modified":"2024-02-07T15:14:35","modified_gmt":"2024-02-07T15:14:35","slug":"inscription","status":"publish","type":"page","link":"http:\/\/www.yiddishberlin.com\/fr\/inscription\/","title":{"rendered":"Inscription"},"content":{"rendered":"<h2>Frais d&rsquo;inscription<\/h2>\n<p>Frais de scolarit\u00e9 : 700 \u20ac.<br \/>\n<span style=\"font-weight: 400;\">Frais administratifs<\/span> : 50 \u20ac.<\/p>\n<p><em>Il est possible de s\u2019inscrire \u00e0 tout moment, dans la limite des places disponibles.<\/em><\/p>\n<h2>Conditions d\u2019annulation<\/h2>\n<p><span style=\"font-weight: 400;\">En cas d\u2019annulation avant le 12 juillet 2024, les frais d\u2019inscription seront rembours\u00e9s \u00e0 l\u2019exception des frais administratifs \u00e0 hauteur de 50 \u20ac. En cas d\u2019annulation apr\u00e8s cette date, aucun remboursement ne pourra \u00eatre effectu<\/span>\u00e9.<\/p>\n<h2>Bourses<\/h2>\n<p>D<span style=\"font-weight: 400;\">es bourses pourront \u00eatre accord\u00e9es, en priorit\u00e9 aux \u00e9tudiants. Pour faire une demande de bourse, veuillez envoyer une lettre de motivation en utilisant ce formulaire de contact : <\/span><a href=\"http:\/\/www.yiddishberlin.com\/fr\/contact\/\"><span style=\"font-weight: 400;\">http:\/\/www.yiddishberlin.com\/fr\/contact\/<\/span><\/a><span style=\"font-weight: 400;\">. <\/span><span style=\"font-weight: 400;\">La lettre devra d\u00e9tailler votre int\u00e9r\u00eat pour le yiddish et les raisons pour lesquelles vous avez besoin d\u2019une bourse. <\/span><span style=\"font-weight: 400;\">Si vous souhaitez vous inscrire aux niveaux 3-5 ou au <\/span><span style=\"font-weight: 400;\">s\u00e9minaire pour enseignants<\/span><span style=\"font-weight: 400;\">, votre lettre devra \u00eatre r\u00e9dig\u00e9e en yiddish<\/span>.<\/p>\n<p>Il n\u2019y a pas de date limite pour solliciter une bourse, n\u00e9anmoins il est recommand\u00e9 de postuler le plus t\u00f4t possible, le nombre de bourses \u00e9tant limit\u00e9.<\/p>\n<h2 class=\"wp-block-heading\">Niveaux<\/h2>\n<p>En payant votre participation au cours, vous \u00eates pri\u00e9s d\u2019estimer le niveau qui vous correspond le mieux. Les organisateurs se r\u00e9servent n\u00e9anmoins le droit de vous diriger vers un autre niveau si celui-ci vous convient mieux.<\/p>\n<p><span style=\"color: #ff0000;\"><strong>Si vous n\u2019\u00eates pas s\u00fbrs quel niveau vous correspond,\u00a0<a style=\"color: #ff0000;\" href=\"http:\/\/www.yiddishberlin.com\/fr\/contact\/\">contactez-nous<\/a>\u00a0!<\/strong><\/span><\/p>\n<h2>Inscription sur le site Helloasso<\/h2>\n<p>Vous \u00eates invit\u00e9s \u00e0 r\u00e9gler votre inscription sur le site Helloasso (lien ci-dessous). Au moment de payer, le site vous proposera d\u2019ajouter un \u00ab pourboire \u00bb destin\u00e9 au fonctionnement de celui-ci. Cette contribution, ainsi que son montant, est enti\u00e8rement optionnelle. Vous pouvez modifier le montant \u00e0 votre convenance \u00e0 l\u2019aide d\u2019un bouton pr\u00e9vu \u00e0 cet effet avant de valider votre paiement.<\/p>\n<h2>Inscription au cours destin\u00e9 aux enseignants de yiddish\u202f:<\/h2>\n<p><span style=\"font-weight: 400;\">Ce s\u00e9minaire est destin\u00e9 aux enseignant.e.s de yiddish en activit\u00e9 et aux personnes qui enseigneront dans le futur.<\/span><\/p>\n<p><span style=\"font-weight: 400;\">Pour candidater au s\u00e9minaire p\u00e9dagogique, veuillez nous envoyer une lettre de motivation en yiddish, accompagn\u00e9e de votre CV, en utilisant ce formulaire de contact <\/span><span style=\"font-weight: 400;\">: <\/span><a href=\"http:\/\/www.yiddishberlin.com\/fr\/contact\/\"><span style=\"font-weight: 400;\">http:\/\/www.yiddishberlin.com\/fr\/contact\/<\/span><\/a><span style=\"font-weight: 400;\">.<\/span><\/p>\n<h2><span style=\"font-weight: 400;\">R\u00e8gles sanitaires<\/span><\/h2>\n<p><span style=\"font-weight: 400;\">Notez bien que l\u2019universit\u00e9 d\u2019\u00e9t\u00e9 suivra les r\u00e8gles sanitaires en vigueur \u00e0 Berlin et en R\u00e9publique f\u00e9d\u00e9rale d&rsquo;Allemagne.<\/span><\/p>\n<p>Sachez qu&rsquo;il est possible que certains enseignants et \u00e9tudiants portent des masques.<\/p>\n<h2>H\u00e9bergement et repas<\/h2>\n<p>Nous vous laissons le soin de g\u00e9rer votre h\u00e9bergement et vos repas (qui ne sont pas compris dans le prix).<\/p>\n<h2 class=\"wp-block-heading\" style=\"text-align: center;\"><span style=\"color: #ff0000;\"><strong><a style=\"color: #ff0000;\" href=\"https:\/\/www.helloasso.com\/associations\/maison-de-la-culture-yiddish-bibliotheque-medem\/evenements\/yiddish-in-berlin-iv-2024\">Inscription<\/a><\/strong><\/span><\/h2>\n","protected":false},"excerpt":{"rendered":"<p>Frais d&rsquo;inscription Frais de scolarit\u00e9 : 700 \u20ac. Frais administratifs : 50 \u20ac. Il est possible de s\u2019inscrire \u00e0 tout moment, dans la limite des places disponibles. Conditions d\u2019annulation En cas d\u2019annulation avant le 12 juillet 2024, les frais d\u2019inscription seront rembours\u00e9s \u00e0 l\u2019exception des frais administratifs \u00e0 hauteur de 50 \u20ac. En cas d\u2019annulation &hellip; <\/p>\n<p class=\"link-more\"><a href=\"http:\/\/www.yiddishberlin.com\/fr\/inscription\/\" class=\"more-link\">Continuer la lecture<span class=\"screen-reader-text\"> de &laquo;&nbsp;Inscription&nbsp;&raquo;<\/span><\/a><\/p>\n","protected":false},"author":2,"featured_media":0,"parent":0,"menu_order":0,"comment_status":"closed","ping_status":"closed","template":"","meta":{"footnotes":""},"class_list":["post-56","page","type-page","status-publish","hentry"],"_links":{"self":[{"href":"http:\/\/www.yiddishberlin.com\/fr\/wp-json\/wp\/v2\/pages\/56","targetHints":{"allow":["GET"]}}],"collection":[{"href":"http:\/\/www.yiddishberlin.com\/fr\/wp-json\/wp\/v2\/pages"}],"about":[{"href":"http:\/\/www.yiddishberlin.com\/fr\/wp-json\/wp\/v2\/types\/page"}],"author":[{"embeddable":true,"href":"http:\/\/www.yiddishberlin.com\/fr\/wp-json\/wp\/v2\/users\/2"}],"replies":[{"embeddable":true,"href":"http:\/\/www.yiddishberlin.com\/fr\/wp-json\/wp\/v2\/comments?post=56"}],"version-history":[{"count":9,"href":"http:\/\/www.yiddishberlin.com\/fr\/wp-json\/wp\/v2\/pages\/56\/revisions"}],"predecessor-version":[{"id":1733,"href":"http:\/\/www.yiddishberlin.com\/fr\/wp-json\/wp\/v2\/pages\/56\/revisions\/1733"}],"wp:attachment":[{"href":"http:\/\/www.yiddishberlin.com\/fr\/wp-json\/wp\/v2\/media?parent=56"}],"curies":[{"name":"wp","href":"https:\/\/api.w.org\/{rel}","templated":true}]}}