{"id":749,"date":"2022-03-02T15:46:16","date_gmt":"2022-03-02T15:46:16","guid":{"rendered":"http:\/\/www.yiddishberlin.com\/?page_id=749"},"modified":"2024-06-26T13:46:33","modified_gmt":"2024-06-26T13:46:33","slug":"niveaus-und-lehrer","status":"publish","type":"page","link":"http:\/\/www.yiddishberlin.com\/de\/niveaus-und-lehrer\/","title":{"rendered":"Niveaus und Lehrer*innen"},"content":{"rendered":"\n<h2 class=\"wp-block-heading\">Stundenplan (CET \u2013 Central European Time)<\/h2>\n\n\n\n<p>Montag &#8211; Freitag<\/p>\n\n\n\n<p><strong>9:15 \u2013 10:45 Uhr&nbsp;<\/strong>Kurse (in Pr\u00e4senz)<\/p>\n\n\n\n<p><strong>10:45 \u2013 11:15 Uhr<\/strong> Kaffeepause<\/p>\n\n\n\n<p><strong>11:15 \u2013 12:45 Uhr&nbsp;<\/strong>Kurse (in Pr\u00e4senz)<\/p>\n\n\n\n<h2 class=\"wp-block-heading\">Lehrpersonal<\/h2>\n\n\n\n<p>Unter p\u00e4dagogischer Leitung von <strong>Yitskhok Niborski<\/strong><\/p>\n\n\n\n<h3 class=\"wp-block-heading has-vivid-red-color has-text-color has-link-color wp-elements-96bb39b9d195e0c195146fd141e196a7\">Niveau 1 : Keine freien Pl\u00e4tze mehr!<\/h3>\n\n\n\n<p class=\"has-cyan-bluish-gray-color has-text-color has-link-color wp-elements-eb6f6ba9f60d411bc020d3c245d8fed0\"><strong>Ethel Niborski&nbsp;<\/strong>und<strong>&nbsp;Karo Wegner<\/strong><\/p>\n\n\n\n<p class=\"has-cyan-bluish-gray-color has-text-color has-link-color wp-elements-628f8930fde89249feec42bfd1957861\">Einf\u00fchrung in die Sprache: Alphabet, Lesen, Schreiben, Grundgrammatik, Wortschatz, Konversation. <br>Geeignet f\u00fcr Anf\u00e4nger*innen oder Studierende mit einigen Grundkenntnissen. Es sind keine Vorkenntnisse erforderlich, aber es wird empfohlen, sich vorher mit dem jiddischen Alphabet vertraut zu machen.<\/p>\n\n\n\n<h3 class=\"wp-block-heading has-vivid-red-color has-text-color has-link-color wp-elements-f2d38f82d74c2392d942425bf6b7e644\">Niveau 2 : Keine freien Pl\u00e4tze mehr!<\/h3>\n\n\n\n<p class=\"has-cyan-bluish-gray-color has-text-color has-link-color wp-elements-13299ccbf5b3452b9e2a598f119724ee\"><strong>Sonia Dratwa-Pinkusowitz<\/strong>&nbsp;und&nbsp;<strong>Reyze Turner<\/strong><\/p>\n\n\n\n<p class=\"has-cyan-bluish-gray-color has-text-color has-link-color wp-elements-2e017fb3a9ae76d6979933c19aa7f0cb\">Wortschatzerweiterung, m\u00fcndlicher und schriftlicher Ausdruck, Grammatik, einfache Texte.<br>Geeignet f\u00fcr Studierende, die lesen und schreiben k\u00f6nnen und die Grundlagen der jiddischen Grammatik kennen (Gegenwart, Vergangenheit und Zukunft; Deklinationen).<\/p>\n\n\n\n<h3 class=\"wp-block-heading has-vivid-red-color has-text-color has-link-color wp-elements-592ca371c18917bec642a049c1ecc3ec\">Niveau 3 : Keine freien Pl\u00e4tze mehr!<\/h3>\n\n\n\n<p><strong>Eliezer Niborski<\/strong>: Grammatik<\/p>\n\n\n\n<p><strong>Sonia Dratwa-Pinkusowitz<\/strong>: Konversation und Einf\u00fchrung in die jiddische Literatur<\/p>\n\n\n\n<h3 class=\"wp-block-heading has-vivid-red-color has-text-color has-link-color wp-elements-a5f52db878ff187d38c93f9e3555a45e\">Niveau 4 : Keine freien Pl\u00e4tze mehr!<\/h3>\n\n\n\n<p class=\"has-cyan-bluish-gray-color has-text-color has-link-color wp-elements-daca26d8ff488411208c8ec1e4f99fc1\"><strong>Eliezer Niborski<\/strong>: Grammatik f\u00fcr Fortgeschrittene<\/p>\n\n\n\n<p class=\"has-cyan-bluish-gray-color has-text-color has-link-color wp-elements-3ccfeb8490fdbe2d113b2898c0fd2986\"><strong>Karolina Szymaniak<\/strong>: Prosa-Miniaturen<\/p>\n\n\n\n<h3 class=\"wp-block-heading\">Niveau 5<\/h3>\n\n\n\n<p><strong>Natalia Krynicka<\/strong>: Jiddische Theaterautorinnen<\/p>\n\n\n\n<p><strong>Karolina Szymaniak<\/strong>: Das j\u00fcdische Osteuropa der Nachkriegszeit (1945-1949): literarische Texte, Reiseberichte, Archivdokumente<\/p>\n\n\n\n<p><\/p>\n\n\n\n<p class=\"has-vivid-red-color has-text-color has-link-color wp-elements-c66c24e5b9360a907d376ed571e51c64\"><strong><strong>Wenn Sie sich nicht sicher sind, welche Stufe f\u00fcr Sie die Richtige ist, <a href=\"http:\/\/www.yiddishberlin.com\/de\/kontakt\/\">kontaktieren Sie uns<\/a>!<\/strong><\/strong><\/p>\n\n\n\n<h3 class=\"wp-block-heading\">Seminar f\u00fcr Jiddischlehrer*innen<\/h3>\n\n\n\n<p><strong>Sharon Bar-Kochva<\/strong>&nbsp;und&nbsp;<strong>Reyze Turner<\/strong><\/p>\n\n\n\n<p>Das Seminar richtet sich an praktizierende oder zuk\u00fcnftige Jiddischlehrer*innen.<\/p>\n\n\n\n<p>Mindestanzahl der Teilnehmenden: 5. <br>Maximale Anzahl der Teilnehmenden: 10.<\/p>\n\n\n\n<p>H\u00f6hepunkte des Seminars f\u00fcr Jiddischlehrer*innen nach Meinung der Alumni:<\/p>\n<p><iframe loading=\"lazy\" src=\"\/\/www.youtube.com\/embed\/XeOU5S-Gj7A?t=2s\" width=\"560\" height=\"314\" allowfullscreen=\"allowfullscreen\"><\/iframe><\/p>\n<p>Mehr zum Seminar f\u00fcr Jiddischlehrer*innen :<\/p>\n<p><iframe loading=\"lazy\" src=\"\/\/www.youtube.com\/embed\/gdJplrElsaA\" width=\"560\" height=\"314\" allowfullscreen=\"allowfullscreen\"><\/iframe><\/p>\n","protected":false},"excerpt":{"rendered":"<p>Stundenplan (CET \u2013 Central European Time) Montag &#8211; Freitag 9:15 \u2013 10:45 Uhr&nbsp;Kurse (in Pr\u00e4senz) 10:45 \u2013 11:15 Uhr Kaffeepause 11:15 \u2013 12:45 Uhr&nbsp;Kurse (in Pr\u00e4senz) Lehrpersonal Unter p\u00e4dagogischer Leitung von Yitskhok Niborski Niveau 1 : Keine freien Pl\u00e4tze mehr! Ethel Niborski&nbsp;und&nbsp;Karo Wegner Einf\u00fchrung in die Sprache: Alphabet, Lesen, Schreiben, Grundgrammatik, Wortschatz, Konversation. Geeignet f\u00fcr &hellip; <\/p>\n<p class=\"link-more\"><a href=\"http:\/\/www.yiddishberlin.com\/de\/niveaus-und-lehrer\/\" class=\"more-link\"><span class=\"screen-reader-text\">\u201eNiveaus und Lehrer*innen\u201c<\/span> weiterlesen<\/a><\/p>\n","protected":false},"author":6,"featured_media":0,"parent":0,"menu_order":0,"comment_status":"closed","ping_status":"closed","template":"","meta":{"footnotes":""},"class_list":["post-749","page","type-page","status-publish","hentry"],"_links":{"self":[{"href":"http:\/\/www.yiddishberlin.com\/de\/wp-json\/wp\/v2\/pages\/749","targetHints":{"allow":["GET"]}}],"collection":[{"href":"http:\/\/www.yiddishberlin.com\/de\/wp-json\/wp\/v2\/pages"}],"about":[{"href":"http:\/\/www.yiddishberlin.com\/de\/wp-json\/wp\/v2\/types\/page"}],"author":[{"embeddable":true,"href":"http:\/\/www.yiddishberlin.com\/de\/wp-json\/wp\/v2\/users\/6"}],"replies":[{"embeddable":true,"href":"http:\/\/www.yiddishberlin.com\/de\/wp-json\/wp\/v2\/comments?post=749"}],"version-history":[{"count":10,"href":"http:\/\/www.yiddishberlin.com\/de\/wp-json\/wp\/v2\/pages\/749\/revisions"}],"predecessor-version":[{"id":1801,"href":"http:\/\/www.yiddishberlin.com\/de\/wp-json\/wp\/v2\/pages\/749\/revisions\/1801"}],"wp:attachment":[{"href":"http:\/\/www.yiddishberlin.com\/de\/wp-json\/wp\/v2\/media?parent=749"}],"curies":[{"name":"wp","href":"https:\/\/api.w.org\/{rel}","templated":true}]}}