{"id":745,"date":"2022-03-02T15:28:45","date_gmt":"2022-03-02T15:28:45","guid":{"rendered":"http:\/\/www.yiddishberlin.com\/?page_id=745"},"modified":"2024-03-27T16:12:01","modified_gmt":"2024-03-27T16:12:01","slug":"nachmittagsprogramm","status":"publish","type":"page","link":"http:\/\/www.yiddishberlin.com\/de\/nachmittagsprogramm\/","title":{"rendered":"Nachmittagsprogramm"},"content":{"rendered":"\n<h3 class=\"wp-block-heading\">Das gesamte Kulturprogramm ist in Ihrer Anmeldung enthalten.<\/h3>\n\n\n\n<h2 class=\"wp-block-heading\">Workshops<\/h2>\n\n\n\n<ul class=\"wp-block-list\">\n<li>Konversation f\u00fcr Anf\u00e4nger*innen<\/li>\n\n\n\n<li>Konversation f\u00fcr Mittelstufler*innen und Fortgeschrittene <\/li>\n\n\n\n<li>Kochen<strong> <\/strong><\/li>\n\n\n\n<li>Singen<\/li>\n\n\n\n<li>Spiel<\/li>\n\n\n\n<li>Nigunim<\/li>\n\n\n\n<li>Forschungsmethoden<\/li>\n\n\n\n<li>Lesen von Handschriften<\/li>\n\n\n\n<li>Theater <\/li>\n<\/ul>\n\n\n\n<h2 class=\"wp-block-heading\">Vortr\u00e4ge auf Jiddisch, Englisch und Deutsch<\/h2>\n\n\n\n<h2 class=\"wp-block-heading\">Filmvorf\u00fchrungen <\/h2>\n\n\n\n<h2 class=\"wp-block-heading\">Gef\u00fchrte Touren<\/h2>\n\n\n\n<h2 class=\"wp-block-heading\">Gesellige Veranstaltungen<\/h2>\n","protected":false},"excerpt":{"rendered":"<p>Das gesamte Kulturprogramm ist in Ihrer Anmeldung enthalten. Workshops Vortr\u00e4ge auf Jiddisch, Englisch und Deutsch Filmvorf\u00fchrungen Gef\u00fchrte Touren Gesellige Veranstaltungen<\/p>\n","protected":false},"author":6,"featured_media":0,"parent":0,"menu_order":0,"comment_status":"closed","ping_status":"closed","template":"","meta":{"footnotes":""},"class_list":["post-745","page","type-page","status-publish","hentry"],"_links":{"self":[{"href":"http:\/\/www.yiddishberlin.com\/de\/wp-json\/wp\/v2\/pages\/745","targetHints":{"allow":["GET"]}}],"collection":[{"href":"http:\/\/www.yiddishberlin.com\/de\/wp-json\/wp\/v2\/pages"}],"about":[{"href":"http:\/\/www.yiddishberlin.com\/de\/wp-json\/wp\/v2\/types\/page"}],"author":[{"embeddable":true,"href":"http:\/\/www.yiddishberlin.com\/de\/wp-json\/wp\/v2\/users\/6"}],"replies":[{"embeddable":true,"href":"http:\/\/www.yiddishberlin.com\/de\/wp-json\/wp\/v2\/comments?post=745"}],"version-history":[{"count":10,"href":"http:\/\/www.yiddishberlin.com\/de\/wp-json\/wp\/v2\/pages\/745\/revisions"}],"predecessor-version":[{"id":1758,"href":"http:\/\/www.yiddishberlin.com\/de\/wp-json\/wp\/v2\/pages\/745\/revisions\/1758"}],"wp:attachment":[{"href":"http:\/\/www.yiddishberlin.com\/de\/wp-json\/wp\/v2\/media?parent=745"}],"curies":[{"name":"wp","href":"https:\/\/api.w.org\/{rel}","templated":true}]}}