{"id":711,"date":"2022-03-02T14:59:47","date_gmt":"2022-03-02T14:59:47","guid":{"rendered":"http:\/\/www.yiddishberlin.com\/?page_id=711"},"modified":"2024-03-27T16:14:14","modified_gmt":"2024-03-27T16:14:14","slug":"anmeldung","status":"publish","type":"page","link":"http:\/\/www.yiddishberlin.com\/de\/anmeldung\/","title":{"rendered":"Anmeldung"},"content":{"rendered":"\n<h2 class=\"wp-block-heading\">Teilnahmekosten<\/h2>\n\n\n\n<p class=\"has-text-align-left\">Studiengeb\u00fchr: 700 \u20ac. <\/p>\n\n\n\n<p>Bearbeitungsgeb\u00fchr: 50 \u20ac.<\/p>\n\n\n\n<p><em>Die Anmeldung ist m\u00f6glich, solange freie Pl\u00e4tze vorhanden sind.<\/em><\/p>\n\n\n\n<h2 class=\"wp-block-heading\">Stornierungsbedingungen<\/h2>\n\n\n\n<p>Wenn Sie Ihre Anmeldung vor dem 12. Juli 2024 stornieren, erhalten Sie eine R\u00fcckerstattung, abz\u00fcglich einer Verwaltungsgeb\u00fchr von 50 \u20ac. Bei einer Stornierung nach dem 12. Juli ist keine R\u00fcckerstattung mehr m\u00f6glich.<br><\/p>\n\n\n\n<h2 class=\"wp-block-heading\">Stipendien<\/h2>\n\n\n\n<p>Finanzielle Unterst\u00fctzung ist m\u00f6glich. Student*innen werden bevorzugt. Um sich f\u00fcr ein Stipendium zu bewerben, schicken Sie uns bitte ein Bewerbungsschreiben, in dem Sie Ihren Hintergrund, Ihre Interessen und Ihre Ziele beschreiben, \u00fcber dieses Kontaktformular: <a href=\"http:\/\/www.yiddishberlin.com\/contact-us\/\">http:\/\/www.yiddishberlin.com\/contact-us\/<\/a>.<\/p>\n\n\n\n<p>F\u00fcr diejenigen, die an den Stufen 3-5, oder dem Kurs f\u00fcr Jiddischlehrer*innen teilnehmen m\u00f6chten, verfassen Sie das Schreiben bitte auf Jiddisch.<\/p>\n\n\n\n<p>Es gibt keinen Stichtag f\u00fcr die Beantragung eines Stipendiums, allerdings ist die Anzahl der verf\u00fcgbaren Stipendien begrenzt. Es ist daher ratsam, sich so bald wie m\u00f6glich zu bewerben.<\/p>\n\n\n\n<h2 class=\"wp-block-heading\">Wahl des Niveaus<\/h2>\n\n\n\n<p>Bitte geben Sie bei der Anmeldung das Niveau an, das Ihnen am ehesten zusagt. Bitte beachten Sie jedoch, dass die Organisator*innen aus p\u00e4dagogischen Gr\u00fcnden beschlie\u00dfen k\u00f6nnen, Sie in eine andere Stufe einzustufen.<\/p>\n\n\n\n<p class=\"has-vivid-red-color has-text-color has-link-color wp-elements-d99d0db0e7ae1d5691aa19fc8287c1ca\"><strong>Wenn Sie sich nicht sicher sind, welche Stufe f\u00fcr Sie die richtige ist, <a href=\"http:\/\/www.yiddishberlin.com\/de\/kontakt\/\">kontaktieren Sie uns<\/a>!<\/strong><\/p>\n\n\n\n<h2 class=\"wp-block-heading\">Anmeldung auf der Helloasso-Website<\/h2>\n\n\n\n<p>Sie sind eingeladen, sich auf der Website Helloasso (Link unten) zu registrieren. Wenn Sie bereit sind zu zahlen, wird die Website vorschlagen, dass Sie ein &#8222;Trinkgeld&#8220; geben, um den Betrieb der Helloasso-Website zu unterst\u00fctzen. Dieses &#8222;Trinkgeld&#8220; (und sein Betrag) ist v\u00f6llig freiwillig. Sie k\u00f6nnen den Betrag \u00fcber die Schaltfl\u00e4che \u00e4ndern, bevor Sie Ihre Zahlung best\u00e4tigen.<\/p>\n\n\n\n<h2 class=\"wp-block-heading\">Anmeldung f\u00fcr das Seminar f\u00fcr Jiddischlehrer*innen<\/h2>\n\n\n\n<p>Das Seminar richtet sich an praktizierende oder zuk\u00fcnftige Jiddischlehrer*innen.<\/p>\n\n\n\n<p>Um sich f\u00fcr das Seminar zu bewerben, senden Sie uns bitte ein Motivationsschreiben in jiddischer Sprache zusammen mit Ihrem Lebenslauf \u00fcber dieses Kontaktformular: <a href=\"http:\/\/www.yiddishberlin.com\/contact-us\/\">http:\/\/www.yiddishberlin.com\/contact-us\/<\/a><\/p>\n\n\n\n<h2 class=\"wp-block-heading\">Gesundheitsvorschriften<\/h2>\n\n\n\n<p>Bitte beachten Sie, dass f\u00fcr das Sommerprogramm die Gesundheitsvorschriften des Bundeslandes Berlin gelten werden.<\/p>\n\n\n\n<p>Einige Lehrer*innen und Sch\u00fcler*innen werden m\u00f6glicherweise Schutzmasken tragen.<\/p>\n\n\n\n<h2 class=\"wp-block-heading\">Unterkunft \/ Versorgung<\/h2>\n\n\n\n<p>Unterkunft und Versorgung werden nicht bereitgestellt.<\/p>\n\n\n\n<h2 class=\"wp-block-heading has-text-align-center has-vivid-red-color has-text-color has-link-color wp-elements-ab5f054b36874f7777bd6174dea09518\"><strong><a href=\"https:\/\/www.helloasso.com\/associations\/maison-de-la-culture-yiddish-bibliotheque-medem\/evenements\/yiddish-in-berlin-iv-2024\">Anmeldung<\/a><\/strong><\/h2>\n","protected":false},"excerpt":{"rendered":"<p>Teilnahmekosten Studiengeb\u00fchr: 700 \u20ac. Bearbeitungsgeb\u00fchr: 50 \u20ac. Die Anmeldung ist m\u00f6glich, solange freie Pl\u00e4tze vorhanden sind. Stornierungsbedingungen Wenn Sie Ihre Anmeldung vor dem 12. Juli 2024 stornieren, erhalten Sie eine R\u00fcckerstattung, abz\u00fcglich einer Verwaltungsgeb\u00fchr von 50 \u20ac. Bei einer Stornierung nach dem 12. Juli ist keine R\u00fcckerstattung mehr m\u00f6glich. Stipendien Finanzielle Unterst\u00fctzung ist m\u00f6glich. Student*innen &hellip; <\/p>\n<p class=\"link-more\"><a href=\"http:\/\/www.yiddishberlin.com\/de\/anmeldung\/\" class=\"more-link\"><span class=\"screen-reader-text\">\u201eAnmeldung\u201c<\/span> weiterlesen<\/a><\/p>\n","protected":false},"author":6,"featured_media":0,"parent":0,"menu_order":0,"comment_status":"closed","ping_status":"closed","template":"","meta":{"footnotes":""},"class_list":["post-711","page","type-page","status-publish","hentry"],"_links":{"self":[{"href":"http:\/\/www.yiddishberlin.com\/de\/wp-json\/wp\/v2\/pages\/711","targetHints":{"allow":["GET"]}}],"collection":[{"href":"http:\/\/www.yiddishberlin.com\/de\/wp-json\/wp\/v2\/pages"}],"about":[{"href":"http:\/\/www.yiddishberlin.com\/de\/wp-json\/wp\/v2\/types\/page"}],"author":[{"embeddable":true,"href":"http:\/\/www.yiddishberlin.com\/de\/wp-json\/wp\/v2\/users\/6"}],"replies":[{"embeddable":true,"href":"http:\/\/www.yiddishberlin.com\/de\/wp-json\/wp\/v2\/comments?post=711"}],"version-history":[{"count":9,"href":"http:\/\/www.yiddishberlin.com\/de\/wp-json\/wp\/v2\/pages\/711\/revisions"}],"predecessor-version":[{"id":1760,"href":"http:\/\/www.yiddishberlin.com\/de\/wp-json\/wp\/v2\/pages\/711\/revisions\/1760"}],"wp:attachment":[{"href":"http:\/\/www.yiddishberlin.com\/de\/wp-json\/wp\/v2\/media?parent=711"}],"curies":[{"name":"wp","href":"https:\/\/api.w.org\/{rel}","templated":true}]}}