{"id":676,"date":"2022-02-01T17:04:12","date_gmt":"2022-02-01T17:04:12","guid":{"rendered":"http:\/\/www.yiddishberlin.com\/?page_id=676"},"modified":"2024-03-27T16:36:23","modified_gmt":"2024-03-27T16:36:23","slug":"jiddisch-in-berlin","status":"publish","type":"page","link":"http:\/\/www.yiddishberlin.com\/de\/","title":{"rendered":"Jiddisch in Berlin"},"content":{"rendered":"<h2>Die 4. Sommeruniversit\u00e4t f\u00fcr jiddische Sprache und Literatur wird <strong>vom 12. bis 30. August 2024<\/strong> am Osteuropa-Institut der Freien Universit\u00e4t Berlin stattfinden.<\/h2>\n<p>Drei Wochen lang empf\u00e4ngt das Osteuropa-Institut Studierende aus der ganzen Welt und bietet ein reichhaltiges Programm an Sprachkursen und kulturellen Aktivit\u00e4ten in Pr\u00e4senz an.<\/p>\n<p>Das p\u00e4dagogische Team, unter Leitung von <strong>Yitskhok Niborski<\/strong>, wird ein intensives Programm mit Jiddischkursen, Workshops (Musik, Theater, Konversation, Kochen), Besichtigungen, Konferenzen, Filmvorf\u00fchrungen und vieles mehr anbieten.<\/p>\n<p>Zus\u00e4tzlich zu den Sprach- und Literaturkursen, in f\u00fcnf Niveaustufen von Anf\u00e4nger*innen bis zu Fortgeschrittenen, werden wir ein dreiw\u00f6chiges p\u00e4dagogisches Seminar f\u00fcr angehende Jiddischlehrer*innen anbieten.<\/p>\n<p>Es werden Stipendien vergeben, um jungen Studierenden aus aller Welt die M\u00f6glichkeit zu geben, ihre Sprachkenntnisse zu verbessern und sich mit anderen Jiddischsprecher*innen auszutauschen.<\/p>\n<p><strong>Veranstaltungsort:<\/strong><\/p>\n<p>Osteuropa-Institut (Freie Universit\u00e4t Berlin)<br \/>\nGarystra\u00dfe 55, 14195 Berlin<br \/>\nInformationen zu \u00f6ffentlichen Verkehrsmitteln: http:\/\/www.oei.fu-berlin.de\/institut\/lage\/index.html<\/p>\n<p><iframe loading=\"lazy\" src=\"https:\/\/www.google.com\/maps\/embed?pb=!1m18!1m12!1m3!1d2431.646034599401!2d13.274051815234028!3d52.4493265298009!2m3!1f0!2f0!3f0!3m2!1i1024!2i768!4f13.1!3m3!1m2!1s0x47a85a1562f37f01%3A0x7013cf4bfeba2005!2sSoziologie+Osteuropa-Institut%2C+Garystra%C3%9Fe+55%2C+14195+Berlin%2C+Germany!5e0!3m2!1sen!2sfr!4v1488663192285\" width=\"300\" height=\"250\" frameborder=\"0\" allowfullscreen=\"allowfullscreen\" data-mce-fragment=\"1\"><\/iframe><\/p>\n<p><strong>Veranstalter:<\/strong><\/p>\n<p><strong>Organisationskomitee: <\/strong>Sharon Bar-Kochva, Tal Hever-Chybowski, Natalia Krynicka, Amelie Moser.<\/p>\n<p>Das Sommerprogramm wird vom Pariser Jiddisch Zentrum &#8211; Medem-Bibliothek (Maison de la culture yiddish &#8211; Biblioth\u00e8que Medem) in Zusammenarbeit mit dem Osteuropa-Institut der Freien Universit\u00e4t Berlin veranstaltet.<\/p>\n","protected":false},"excerpt":{"rendered":"<p>Die 4. Sommeruniversit\u00e4t f\u00fcr jiddische Sprache und Literatur wird vom 12. bis 30. August 2024 am Osteuropa-Institut der Freien Universit\u00e4t Berlin stattfinden. Drei Wochen lang empf\u00e4ngt das Osteuropa-Institut Studierende aus der ganzen Welt und bietet ein reichhaltiges Programm an Sprachkursen und kulturellen Aktivit\u00e4ten in Pr\u00e4senz an. Das p\u00e4dagogische Team, unter Leitung von Yitskhok Niborski, wird &hellip; <\/p>\n<p class=\"link-more\"><a href=\"http:\/\/www.yiddishberlin.com\/de\/\" class=\"more-link\"><span class=\"screen-reader-text\">\u201eJiddisch in Berlin\u201c<\/span> weiterlesen<\/a><\/p>\n","protected":false},"author":6,"featured_media":0,"parent":0,"menu_order":0,"comment_status":"closed","ping_status":"closed","template":"","meta":{"footnotes":""},"class_list":["post-676","page","type-page","status-publish","hentry"],"_links":{"self":[{"href":"http:\/\/www.yiddishberlin.com\/de\/wp-json\/wp\/v2\/pages\/676","targetHints":{"allow":["GET"]}}],"collection":[{"href":"http:\/\/www.yiddishberlin.com\/de\/wp-json\/wp\/v2\/pages"}],"about":[{"href":"http:\/\/www.yiddishberlin.com\/de\/wp-json\/wp\/v2\/types\/page"}],"author":[{"embeddable":true,"href":"http:\/\/www.yiddishberlin.com\/de\/wp-json\/wp\/v2\/users\/6"}],"replies":[{"embeddable":true,"href":"http:\/\/www.yiddishberlin.com\/de\/wp-json\/wp\/v2\/comments?post=676"}],"version-history":[{"count":10,"href":"http:\/\/www.yiddishberlin.com\/de\/wp-json\/wp\/v2\/pages\/676\/revisions"}],"predecessor-version":[{"id":1772,"href":"http:\/\/www.yiddishberlin.com\/de\/wp-json\/wp\/v2\/pages\/676\/revisions\/1772"}],"wp:attachment":[{"href":"http:\/\/www.yiddishberlin.com\/de\/wp-json\/wp\/v2\/media?parent=676"}],"curies":[{"name":"wp","href":"https:\/\/api.w.org\/{rel}","templated":true}]}}