{"id":1500,"date":"2023-12-14T22:45:08","date_gmt":"2023-12-14T22:45:08","guid":{"rendered":"http:\/\/www.yiddishberlin.com\/?page_id=1500"},"modified":"2023-12-15T20:34:08","modified_gmt":"2023-12-15T20:34:08","slug":"anmeldung-2022","status":"publish","type":"page","link":"http:\/\/www.yiddishberlin.com\/de\/anmeldung-2022\/","title":{"rendered":"Anmeldung 2022"},"content":{"rendered":"\n\n\n<p class=\"has-background has-luminous-vivid-amber-background-color\">Diese Veranstaltung ist bereits vorbei.<\/p>\n\n\n\n<h2 class=\"wp-block-heading\">Teilnahmekosten<\/h2>\n\n\n\n<p>Studiengeb\u00fchr: 680 \u20ac.<\/p>\n\n\n\n<p>Bearbeitungsgeb\u00fchr: 50 \u20ac.<\/p>\n\n\n\n<p>Es werden Stipendien vergeben (vorrangig an Studenten, aber auch andere k\u00f6nnen sich bewerben).<\/p>\n\n\n\n<h2 class=\"wp-block-heading\">Stornierungsbedingungen<\/h2>\n\n\n\n<p>Wenn Sie Ihre Anmeldung vor dem 8. Juli 2022 stornieren, erhalten Sie eine R\u00fcckerstattung, abz\u00fcglich einer Verwaltungsgeb\u00fchr von 50 \u20ac. Bei einer Stornierung nach dem 8. Juli ist keine R\u00fcckerstattung mehr m\u00f6glich.<\/p>\n\n\n\n<h2 class=\"wp-block-heading\">Stipendien<\/h2>\n\n\n\n<p>Finanzielle Unterst\u00fctzung ist m\u00f6glich. Studenten werden bevorzugt. Um sich f\u00fcr ein Stipendium zu bewerben, schicken Sie uns bitte ein Bewerbungsschreiben, in dem Sie Ihren Hintergrund, Ihre Interessen und Ihre Ziele beschreiben, \u00fcber dieses Kontaktformular:\u00a0http:\/\/www.yiddishberlin.com\/contact-us<a href=\"http:\/\/www.yiddishberlin.com\/contact-us\/\">\/<\/a>.<\/p>\n\n\n\n<p>F\u00fcr diejenigen, die an der 3. Stufe, der Fortgeschrittenenstufe oder dem Kurs f\u00fcr Jiddischlehrer teilnehmen m\u00f6chten, verfassen Sie das Schreiben bitte auf Jiddisch.<\/p>\n\n\n\n<h2 class=\"wp-block-heading\">Anmeldeformular<\/h2>\n\n\n\n<p>Um sich anzumelden, bitten wir Sie, ein Formular auszuf\u00fcllen, das es uns erm\u00f6glicht, die Organisation des Sommerprogramms zu optimieren und die Zulassungen zu bearbeiten. Sobald Sie das Formular ausgef\u00fcllt haben und zugelassen sind, senden wir Ihnen per E-Mail einen Link f\u00fcr die Zahlung.<\/p>\n\n\n\n<p>M\u00f6glicherweise senden wir Ihnen einen kurzen Sprachfragebogen, um sicherzustellen, dass wir Sie in die f\u00fcr Sie am besten geeignete Gruppe einteilen.<\/p>\n\n\n\n<p><strong>Um\u00a0das\u00a0Anmeldeformular\u00a0auszuf\u00fcllen,\u00a0klicken Sie hier<\/strong>.<\/p>\n\n\n\n<h2 class=\"wp-block-heading\">Anmeldung f\u00fcr das Seminar f\u00fcr Jiddischlehrer<\/h2>\n\n\n\n<p>Das Seminar richtet sich an praktizierende Jiddischlehrer und solche, die im kommenden Schul-\/Hochschuljahr unterrichten werden.<\/p>\n\n\n\n<p>Um sich f\u00fcr das Seminar zu bewerben, senden Sie uns bitte ein Motivationsschreiben in jiddischer Sprache zusammen mit Ihrem Lebenslauf \u00fcber dieses Kontaktformular:\u00a0http:\/\/www.yiddishberlin.com\/contact-us\/<\/p>\n\n\n\n<p>Bitte beachten Sie, dass f\u00fcr das Sommerprogramm die Gesundheitsvorschriften des Bundeslandes Berlin gelten werden.<\/p>\n","protected":false},"excerpt":{"rendered":"<p>Diese Veranstaltung ist bereits vorbei. Teilnahmekosten Studiengeb\u00fchr: 680 \u20ac. Bearbeitungsgeb\u00fchr: 50 \u20ac. Es werden Stipendien vergeben (vorrangig an Studenten, aber auch andere k\u00f6nnen sich bewerben). Stornierungsbedingungen Wenn Sie Ihre Anmeldung vor dem 8. Juli 2022 stornieren, erhalten Sie eine R\u00fcckerstattung, abz\u00fcglich einer Verwaltungsgeb\u00fchr von 50 \u20ac. Bei einer Stornierung nach dem 8. Juli ist keine &hellip; <\/p>\n<p class=\"link-more\"><a href=\"http:\/\/www.yiddishberlin.com\/de\/anmeldung-2022\/\" class=\"more-link\"><span class=\"screen-reader-text\">\u201eAnmeldung 2022\u201c<\/span> weiterlesen<\/a><\/p>\n","protected":false},"author":2,"featured_media":0,"parent":0,"menu_order":0,"comment_status":"closed","ping_status":"closed","template":"","meta":{"footnotes":""},"class_list":["post-1500","page","type-page","status-publish","hentry"],"_links":{"self":[{"href":"http:\/\/www.yiddishberlin.com\/de\/wp-json\/wp\/v2\/pages\/1500","targetHints":{"allow":["GET"]}}],"collection":[{"href":"http:\/\/www.yiddishberlin.com\/de\/wp-json\/wp\/v2\/pages"}],"about":[{"href":"http:\/\/www.yiddishberlin.com\/de\/wp-json\/wp\/v2\/types\/page"}],"author":[{"embeddable":true,"href":"http:\/\/www.yiddishberlin.com\/de\/wp-json\/wp\/v2\/users\/2"}],"replies":[{"embeddable":true,"href":"http:\/\/www.yiddishberlin.com\/de\/wp-json\/wp\/v2\/comments?post=1500"}],"version-history":[{"count":4,"href":"http:\/\/www.yiddishberlin.com\/de\/wp-json\/wp\/v2\/pages\/1500\/revisions"}],"predecessor-version":[{"id":1590,"href":"http:\/\/www.yiddishberlin.com\/de\/wp-json\/wp\/v2\/pages\/1500\/revisions\/1590"}],"wp:attachment":[{"href":"http:\/\/www.yiddishberlin.com\/de\/wp-json\/wp\/v2\/media?parent=1500"}],"curies":[{"name":"wp","href":"https:\/\/api.w.org\/{rel}","templated":true}]}}